{"id":6,"date":"2019-02-21T20:20:36","date_gmt":"2019-02-21T20:20:36","guid":{"rendered":"http:\/\/c3.usac.edu.gt\/reformauniversitaria.usac.edu.gt\/public_html\/?page_id=6"},"modified":"2019-05-24T16:03:02","modified_gmt":"2019-05-24T16:03:02","slug":"acerca-de","status":"publish","type":"page","link":"https:\/\/reformauniversitaria.usac.edu.gt\/index.php\/acerca-de\/","title":{"rendered":"Objetivo"},"content":{"rendered":"\n<p>El modelo que se pretende debe ser de Una Universidad p\u00fablica, laica y<br>\ncritica, que implica lo incluyente, participativo y democr\u00e1tico, as\u00ed como un<br>\nespacio de valoraci\u00f3n de los saberes, del conocimiento cient\u00edfico y avance<br>\ntecnol\u00f3gico, sin desvincularlos de las personas, la sociedad y su entorno<br>\nnatural y cultural.<\/p>\n","protected":false},"excerpt":{"rendered":"<p>El modelo que se pretende debe ser de Una Universidad p\u00fablica, laica y critica, que implica lo incluyente, participativo y democr\u00e1tico, as\u00ed como un espacio de valoraci\u00f3n de los saberes, del conocimiento cient\u00edfico y avance tecnol\u00f3gico, sin desvincularlos de las<\/p>\n","protected":false},"author":1,"featured_media":0,"parent":0,"menu_order":0,"comment_status":"closed","ping_status":"closed","template":"","meta":{"footnotes":""},"_links":{"self":[{"href":"https:\/\/reformauniversitaria.usac.edu.gt\/index.php\/wp-json\/wp\/v2\/pages\/6"}],"collection":[{"href":"https:\/\/reformauniversitaria.usac.edu.gt\/index.php\/wp-json\/wp\/v2\/pages"}],"about":[{"href":"https:\/\/reformauniversitaria.usac.edu.gt\/index.php\/wp-json\/wp\/v2\/types\/page"}],"author":[{"embeddable":true,"href":"https:\/\/reformauniversitaria.usac.edu.gt\/index.php\/wp-json\/wp\/v2\/users\/1"}],"replies":[{"embeddable":true,"href":"https:\/\/reformauniversitaria.usac.edu.gt\/index.php\/wp-json\/wp\/v2\/comments?post=6"}],"version-history":[{"count":5,"href":"https:\/\/reformauniversitaria.usac.edu.gt\/index.php\/wp-json\/wp\/v2\/pages\/6\/revisions"}],"predecessor-version":[{"id":70,"href":"https:\/\/reformauniversitaria.usac.edu.gt\/index.php\/wp-json\/wp\/v2\/pages\/6\/revisions\/70"}],"wp:attachment":[{"href":"https:\/\/reformauniversitaria.usac.edu.gt\/index.php\/wp-json\/wp\/v2\/media?parent=6"}],"curies":[{"name":"wp","href":"https:\/\/api.w.org\/{rel}","templated":true}]}}