{"id":52,"date":"2019-02-21T21:11:07","date_gmt":"2019-02-21T21:11:07","guid":{"rendered":"http:\/\/c3.usac.edu.gt\/reformauniversitaria.usac.edu.gt\/public_html\/?page_id=52"},"modified":"2019-06-20T15:35:58","modified_gmt":"2019-06-20T15:35:58","slug":"mision-y-vision","status":"publish","type":"page","link":"https:\/\/reformauniversitaria.usac.edu.gt\/index.php\/mision-y-vision\/","title":{"rendered":"Misi\u00f3n y Visi\u00f3n"},"content":{"rendered":"\n<p style=\"background-color:#f40f41;color:#ffffff\" class=\"has-text-color has-background\"><strong>Misi\u00f3n<\/strong><\/p>\n\n\n\n<p>La reforma Universitaria en un Proceso de car\u00e1cter participativo, democr\u00e1tico e incluyente, significa la creaci\u00f3n, por medio de un esfuerzo colectivo, de oportunidades para el cambio profundo de en todos los \u00f3rdenes de la vida Universitaria Sancarlista, Estudiantes, Docentes,<br> Trabajadores, Autoridades y organizaciones que hacen vida Universitaria.<\/p>\n\n\n\n<p style=\"background-color:#f40f41;color:#ffffff\" class=\"has-text-color has-background\"><strong>Visi\u00f3n<\/strong><\/p>\n\n\n\n<p> El Proceso de Reforma Universitaria, genere con los cambios profundos de todos los \u00f3rdenes de la vida Universitaria Sancarlista, una conciencia renovada sobre las realidades, los problemas y aspiraciones de los hombres y las mujeres de Guatemala, que incluyan las dimensiones acad\u00e9micas y pol\u00edticas, que permitan aportar a la soluci\u00f3n firme y contundente de la problem\u00e1tica nacional, basadas en la investigaci\u00f3n, la cultura, Estudiantes, Docentes, Trabajadores, Autoridades y organizaciones la formaci\u00f3n y participaci\u00f3n consciente y consecuente de los sectores que hacen vida Universitaria.<\/p>\n","protected":false},"excerpt":{"rendered":"<p>Misi\u00f3n La reforma Universitaria en un Proceso de car\u00e1cter participativo, democr\u00e1tico e incluyente, significa la creaci\u00f3n, por medio de un esfuerzo colectivo, de oportunidades para el cambio profundo de en todos los \u00f3rdenes de la vida Universitaria Sancarlista, Estudiantes, Docentes,<\/p>\n","protected":false},"author":1,"featured_media":0,"parent":0,"menu_order":0,"comment_status":"closed","ping_status":"closed","template":"","meta":{"footnotes":""},"_links":{"self":[{"href":"https:\/\/reformauniversitaria.usac.edu.gt\/index.php\/wp-json\/wp\/v2\/pages\/52"}],"collection":[{"href":"https:\/\/reformauniversitaria.usac.edu.gt\/index.php\/wp-json\/wp\/v2\/pages"}],"about":[{"href":"https:\/\/reformauniversitaria.usac.edu.gt\/index.php\/wp-json\/wp\/v2\/types\/page"}],"author":[{"embeddable":true,"href":"https:\/\/reformauniversitaria.usac.edu.gt\/index.php\/wp-json\/wp\/v2\/users\/1"}],"replies":[{"embeddable":true,"href":"https:\/\/reformauniversitaria.usac.edu.gt\/index.php\/wp-json\/wp\/v2\/comments?post=52"}],"version-history":[{"count":2,"href":"https:\/\/reformauniversitaria.usac.edu.gt\/index.php\/wp-json\/wp\/v2\/pages\/52\/revisions"}],"predecessor-version":[{"id":68,"href":"https:\/\/reformauniversitaria.usac.edu.gt\/index.php\/wp-json\/wp\/v2\/pages\/52\/revisions\/68"}],"wp:attachment":[{"href":"https:\/\/reformauniversitaria.usac.edu.gt\/index.php\/wp-json\/wp\/v2\/media?parent=52"}],"curies":[{"name":"wp","href":"https:\/\/api.w.org\/{rel}","templated":true}]}}