{"id":5,"date":"2019-02-21T20:20:36","date_gmt":"2019-02-21T20:20:36","guid":{"rendered":"http:\/\/c3.usac.edu.gt\/reformauniversitaria.usac.edu.gt\/public_html\/?page_id=5"},"modified":"2019-02-21T20:20:36","modified_gmt":"2019-02-21T20:20:36","slug":"inicio","status":"publish","type":"page","link":"https:\/\/reformauniversitaria.usac.edu.gt\/","title":{"rendered":"Inicio"},"content":{"rendered":"<p>\u00a1Bienvenido a tu sitio! Esta es tu p\u00e1gina de inicio, que es la que la mayor\u00eda de visitantes ver\u00e1n cuando vengan a tu sitio por primera vez.<\/p>\n","protected":false},"excerpt":{"rendered":"<p>\u00a1Bienvenido a tu sitio! Esta es tu p\u00e1gina de inicio, que es la que la mayor\u00eda de visitantes ver\u00e1n cuando vengan a tu sitio por primera vez.<\/p>\n","protected":false},"author":1,"featured_media":0,"parent":0,"menu_order":0,"comment_status":"closed","ping_status":"closed","template":"page-templates\/business.php","meta":{"footnotes":""},"_links":{"self":[{"href":"https:\/\/reformauniversitaria.usac.edu.gt\/index.php\/wp-json\/wp\/v2\/pages\/5"}],"collection":[{"href":"https:\/\/reformauniversitaria.usac.edu.gt\/index.php\/wp-json\/wp\/v2\/pages"}],"about":[{"href":"https:\/\/reformauniversitaria.usac.edu.gt\/index.php\/wp-json\/wp\/v2\/types\/page"}],"author":[{"embeddable":true,"href":"https:\/\/reformauniversitaria.usac.edu.gt\/index.php\/wp-json\/wp\/v2\/users\/1"}],"replies":[{"embeddable":true,"href":"https:\/\/reformauniversitaria.usac.edu.gt\/index.php\/wp-json\/wp\/v2\/comments?post=5"}],"version-history":[{"count":1,"href":"https:\/\/reformauniversitaria.usac.edu.gt\/index.php\/wp-json\/wp\/v2\/pages\/5\/revisions"}],"predecessor-version":[{"id":14,"href":"https:\/\/reformauniversitaria.usac.edu.gt\/index.php\/wp-json\/wp\/v2\/pages\/5\/revisions\/14"}],"wp:attachment":[{"href":"https:\/\/reformauniversitaria.usac.edu.gt\/index.php\/wp-json\/wp\/v2\/media?parent=5"}],"curies":[{"name":"wp","href":"https:\/\/api.w.org\/{rel}","templated":true}]}}