{"id":132,"date":"2020-03-02T15:58:47","date_gmt":"2020-03-02T15:58:47","guid":{"rendered":"http:\/\/reformauniversitaria.usac.edu.gt\/?page_id=132"},"modified":"2020-03-02T15:59:11","modified_gmt":"2020-03-02T15:59:11","slug":"como-esta-conformada-la-reforma-universitaria","status":"publish","type":"page","link":"https:\/\/reformauniversitaria.usac.edu.gt\/index.php\/como-esta-conformada-la-reforma-universitaria\/","title":{"rendered":"\u00bfC\u00f3mo est\u00e1 conformada la Reforma Universitaria?"},"content":{"rendered":"\n<p style=\"background-color:#dd3333;color:#ffffff\" class=\"has-text-color has-background has-large-font-size\"><strong>CCOST<\/strong><\/p>\n\n\n\n<p>Es de car\u00e1cter consultiva y de Vigilancia, garante del cumplimiento y desarrollo de las fases: Preparatoria, Pre Congreso y Congreso.<\/p>\n\n\n\n<p style=\"background-color:#dd3333;color:#ffffff\" class=\"has-text-color has-background has-large-font-size\"><strong>CRU<\/strong><\/p>\n\n\n\n<p>Es el responsable de la conducci\u00f3n del proceso de la Reforma Universitaria, con fundamentos en la propuesta presentada de Metodolog\u00eda, bases y presupuesto aprobados por el Consejo Superior Universitario. Es el responsable de coordinar el trabajo de todas las dem\u00e1s comisiones.<\/p>\n\n\n\n<p style=\"background-color:#dd3333;color:#ffffff\" class=\"has-text-color has-background has-large-font-size\"><strong>CETRU<\/strong><\/p>\n\n\n\n<p>Comisi\u00f3n espec\u00edfica para el diagn\u00f3stico institucional y propuestas por cada eje tem\u00e1tico.<\/p>\n\n\n\n<p style=\"background-color:#dd3333;color:#ffffff\" class=\"has-text-color has-background has-large-font-size\"><strong>CECODYS<\/strong><\/p>\n\n\n\n<p>Es la encargada de planificar y desarrollar la estrategia de comunicaci\u00f3n del proceso de reforma Universitaria.<\/p>\n\n\n\n<p style=\"background-color:#dd3333;color:#ffffff\" class=\"has-text-color has-background has-large-font-size\"><strong>CERUA<\/strong><\/p>\n\n\n\n<p>Por cada Unidad Acad\u00e9mica debe de haber una CERUA. Su funci\u00f3n es organizar, orientar y realizar la elaboraci\u00f3n del autodiagn\u00f3stico y propuesta por Unidad Acad\u00e9mica, en la fase de Pre Congreso.<\/p>\n","protected":false},"excerpt":{"rendered":"<p>CCOST Es de car\u00e1cter consultiva y de Vigilancia, garante del cumplimiento y desarrollo de las fases: Preparatoria, Pre Congreso y Congreso. CRU Es el responsable de la conducci\u00f3n del proceso de la Reforma Universitaria, con fundamentos en la propuesta presentada<\/p>\n","protected":false},"author":1,"featured_media":0,"parent":0,"menu_order":0,"comment_status":"closed","ping_status":"closed","template":"","meta":{"footnotes":""},"_links":{"self":[{"href":"https:\/\/reformauniversitaria.usac.edu.gt\/index.php\/wp-json\/wp\/v2\/pages\/132"}],"collection":[{"href":"https:\/\/reformauniversitaria.usac.edu.gt\/index.php\/wp-json\/wp\/v2\/pages"}],"about":[{"href":"https:\/\/reformauniversitaria.usac.edu.gt\/index.php\/wp-json\/wp\/v2\/types\/page"}],"author":[{"embeddable":true,"href":"https:\/\/reformauniversitaria.usac.edu.gt\/index.php\/wp-json\/wp\/v2\/users\/1"}],"replies":[{"embeddable":true,"href":"https:\/\/reformauniversitaria.usac.edu.gt\/index.php\/wp-json\/wp\/v2\/comments?post=132"}],"version-history":[{"count":1,"href":"https:\/\/reformauniversitaria.usac.edu.gt\/index.php\/wp-json\/wp\/v2\/pages\/132\/revisions"}],"predecessor-version":[{"id":133,"href":"https:\/\/reformauniversitaria.usac.edu.gt\/index.php\/wp-json\/wp\/v2\/pages\/132\/revisions\/133"}],"wp:attachment":[{"href":"https:\/\/reformauniversitaria.usac.edu.gt\/index.php\/wp-json\/wp\/v2\/media?parent=132"}],"curies":[{"name":"wp","href":"https:\/\/api.w.org\/{rel}","templated":true}]}}